{"id":2548,"date":"2021-04-16T08:29:02","date_gmt":"2021-04-16T06:29:02","guid":{"rendered":"https:\/\/www.wimex-group.com\/press-archive\/"},"modified":"2021-04-16T08:29:23","modified_gmt":"2021-04-16T06:29:23","slug":"press-archive","status":"publish","type":"page","link":"https:\/\/wimex-group.com\/en\/press-archive\/","title":{"rendered":"Press archive"},"content":{"rendered":"<p>[et_pb_section fb_built=&#8221;1&#8243; fullwidth=&#8221;on&#8221; _builder_version=&#8221;4.7.4&#8243; _module_preset=&#8221;default&#8221; background_image=&#8221;https:\/\/wimex-group.com\/wp-content\/uploads\/2020\/12\/WMX_News_Intro.jpg&#8221; min_height=&#8221;300px&#8221; height=&#8221;300px&#8221; max_height=&#8221;300px&#8221;][\/et_pb_section][et_pb_section fb_built=&#8221;1&#8243; admin_label=&#8221;Intro&#8221; _builder_version=&#8221;4.7.4&#8243; module_alignment=&#8221;center&#8221; custom_padding=&#8221;50px||2px||false|false&#8221;][et_pb_row _builder_version=&#8221;4.7.4&#8243; background_size=&#8221;initial&#8221; background_position=&#8221;top_left&#8221; background_repeat=&#8221;repeat&#8221; custom_padding=&#8221;34px||50px|||&#8221;][et_pb_column type=&#8221;4_4&#8243; _builder_version=&#8221;3.25&#8243; custom_padding=&#8221;|||&#8221; custom_padding__hover=&#8221;|||&#8221;][et_pb_text _builder_version=&#8221;4.7.7&#8243; text_font_size=&#8221;3em&#8221; text_line_height=&#8221;1.3em&#8221; custom_margin=&#8221;||-7px|||&#8221; inline_fonts=&#8221;Merriweather,Actor,Open Sans&#8221;]<\/p>\n<p style=\"text-align: center;\">Wimex press releases (in German)<\/p>\n<p>[\/et_pb_text][\/et_pb_column][\/et_pb_row][\/et_pb_section][et_pb_section fb_built=&#8221;1&#8243; _builder_version=&#8221;4.7.7&#8243; _module_preset=&#8221;default&#8221; background_color=&#8221;#f5f6f7&#8243;][et_pb_row _builder_version=&#8221;4.8.1&#8243; _module_preset=&#8221;default&#8221;][et_pb_column _builder_version=&#8221;4.8.1&#8243; _module_preset=&#8221;default&#8221; type=&#8221;4_4&#8243;]<\/p>\n<p>[et_pb_blog_extras blog_layout=&#8221;block_extended&#8221; meta_date=&#8221;j. M Y&#8221; featured_image_size=&#8221;full&#8221; use_overlay=&#8221;on&#8221; overlay_icon_color=&#8221;#FFFFFF&#8221; hover_overlay_color=&#8221;rgba(7,129,206,0.39)&#8221; excerpt_length=&#8221;200&#8243; use_read_more_button=&#8221;on&#8221; read_more_text=&#8221;MEHR ERFAHREN&#8221; show_author=&#8221;off&#8221; show_categories=&#8221;off&#8221; show_comments=&#8221;off&#8221; show_load_more=&#8221;on&#8221; pagination_type=&#8221;off&#8221; next_text=&#8221;\u00c4ltere Beitr\u00e4ge&#8221; prev_text=&#8221;Neuere Beitr\u00e4ge&#8221; content_color=&#8221;#224568&#8243; _builder_version=&#8221;4.8.1&#8243; _module_preset=&#8221;default&#8221; filterable_category_text_color=&#8221;#0781CE&#8221; header_font=&#8221;Merriweather||||||||&#8221; header_font_size=&#8221;1.2em&#8221; header_line_height=&#8221;1.6em&#8221; body_font_size=&#8221;1em&#8221; body_line_height=&#8221;1.5em&#8221; meta_font=&#8221;|600||on|||||&#8221; meta_text_color=&#8221;#0781CE&#8221; meta_font_size=&#8221;1em&#8221; background_color=&#8221;#FFFFFF&#8221; custom_ajax_pagination=&#8221;on&#8221; ajax_pagination_text_size=&#8221;1.2em&#8221; ajax_pagination_text_color=&#8221;#224568&#8243; ajax_pagination_bg_color=&#8221;#0781CE&#8221; ajax_pagination_border_color=&#8221;#0781CE&#8221; ajax_pagination_border_radius=&#8221;0px&#8221; ajax_pagination_font=&#8221;Arial|600||on|||||&#8221; ajax_pagination_icon_color=&#8221;#FFFFFF&#8221; ajax_pagination_custom_margin=&#8221;3px|3px|3px|3px|true|true&#8221; custom_read_more=&#8221;on&#8221; read_more_text_size=&#8221;1em&#8221; hover_enabled=&#8221;0&#8243; border_radii=&#8221;on|0.1px|0.1px|0.1px|0.1px&#8221; border_style_all=&#8221;none&#8221; box_shadow_style=&#8221;preset3&#8243; box_shadow_spread=&#8221;-11px&#8221; box_shadow_color=&#8221;#224568&#8243; include_categories=&#8221;12&#8243; sticky_enabled=&#8221;0&#8243;][\/et_pb_blog_extras]<\/p>\n<p>[\/et_pb_column][\/et_pb_row][\/et_pb_section][et_pb_section fb_built=&#8221;1&#8243; admin_label=&#8221;Unternehmen&#8221; _builder_version=&#8221;4.7.4&#8243; _module_preset=&#8221;default&#8221; background_color=&#8221;#ffffff&#8221;][et_pb_row _builder_version=&#8221;4.7.4&#8243; background_size=&#8221;initial&#8221; background_position=&#8221;top_left&#8221; background_repeat=&#8221;repeat&#8221; custom_padding=&#8221;34px||2px|||&#8221;][et_pb_column type=&#8221;4_4&#8243; _builder_version=&#8221;3.25&#8243; custom_padding=&#8221;|||&#8221; custom_padding__hover=&#8221;|||&#8221;][et_pb_text _builder_version=&#8221;4.7.4&#8243; text_font=&#8221;Arial|700|||||||&#8221; text_font_size=&#8221;1.8em&#8221; inline_fonts=&#8221;Merriweather,Actor,Open Sans&#8221;]<\/p>\n<p style=\"text-align: center;\">LEARN MORE<\/p>\n<p>[\/et_pb_text][\/et_pb_column][\/et_pb_row][et_pb_row column_structure=&#8221;1_3,1_3,1_3&#8243; use_custom_gutter=&#8221;on&#8221; gutter_width=&#8221;2&#8243; make_equal=&#8221;on&#8221; _builder_version=&#8221;4.7.4&#8243; _module_preset=&#8221;default&#8221; custom_padding=&#8221;||61px|||&#8221;][et_pb_column type=&#8221;1_3&#8243; _builder_version=&#8221;4.7.4&#8243; _module_preset=&#8221;default&#8221;][et_pb_image src=&#8221;https:\/\/wimex-group.com\/wp-content\/uploads\/2020\/12\/WMX_Leitbild_Ueber_Uns.jpg&#8221; title_text=&#8221;WMX_Mission_Statement_About_Us&#8221; url=&#8221;@ET-DC@eyJkeW5hbWljIjp0cnVlLCJjb250ZW50IjoicG9zdF9saW5rX3VybF9wYWdlIiwic2V0dGluZ3MiOnsicG9zdF9pZCI6IjM5NiJ9fQ==@&#8221; align=&#8221;center&#8221; _builder_version=&#8221;4.7.4&#8243; _dynamic_attributes=&#8221;url&#8221; _module_preset=&#8221;default&#8221; background_color=&#8221;#ffffff&#8221; custom_margin=&#8221;||||false|false&#8221; custom_padding=&#8221;15px||15px||true|false&#8221;][\/et_pb_image][et_pb_text _builder_version=&#8221;4.7.4&#8243; _dynamic_attributes=&#8221;link_option_url&#8221; _module_preset=&#8221;default&#8221; link_option_url=&#8221;@ET-DC@eyJkeW5hbWljIjp0cnVlLCJjb250ZW50IjoicG9zdF9saW5rX3VybF9wYWdlIiwic2V0dGluZ3MiOnsicG9zdF9pZCI6IjM5NiJ9fQ==@&#8221;]<\/p>\n<p style=\"text-align: center;\">About Us<\/p>\n<p>[\/et_pb_text][\/et_pb_column][et_pb_column type=&#8221;1_3&#8243; _builder_version=&#8221;4.7.4&#8243; _module_preset=&#8221;default&#8221;][et_pb_image src=&#8221;https:\/\/wimex-group.com\/wp-content\/uploads\/2020\/12\/WMX_Kontakt_News.jpg&#8221; title_text=&#8221;WMX_Contact_News&#8221; url=&#8221;@ET-DC@eyJkeW5hbWljIjp0cnVlLCJjb250ZW50IjoicG9zdF9saW5rX3VybF9wYWdlIiwic2V0dGluZ3MiOnsicG9zdF9pZCI6IjEwNjMifX0=@&#8221; align=&#8221;center&#8221; _builder_version=&#8221;4.7.4&#8243; _dynamic_attributes=&#8221;url&#8221; _module_preset=&#8221;default&#8221; background_color=&#8221;#ffffff&#8221; custom_margin=&#8221;||||false|false&#8221; custom_padding=&#8221;15px||15px||true|false&#8221;][\/et_pb_image][et_pb_text _builder_version=&#8221;4.7.4&#8243; _dynamic_attributes=&#8221;link_option_url&#8221; _module_preset=&#8221;default&#8221; link_option_url=&#8221;@ET-DC@eyJkeW5hbWljIjp0cnVlLCJjb250ZW50IjoicG9zdF9saW5rX3VybF9wYWdlIiwic2V0dGluZ3MiOnsicG9zdF9pZCI6IjEwNjMifX0=@&#8221;]<\/p>\n<p style=\"text-align: center;\">News<\/p>\n<p>[\/et_pb_text][\/et_pb_column][et_pb_column type=&#8221;1_3&#8243; _builder_version=&#8221;4.7.4&#8243; _module_preset=&#8221;default&#8221;][et_pb_image src=&#8221;https:\/\/wimex-group.com\/wp-content\/uploads\/2020\/12\/WMX_Geschichte_Regenstauf_Neubau.jpg&#8221; title_text=&#8221;WMX_Geschichte_Regenstauf_Neubau&#8221; url=&#8221;@ET-DC@eyJkeW5hbWljIjp0cnVlLCJjb250ZW50IjoicG9zdF9saW5rX3VybF9wYWdlIiwic2V0dGluZ3MiOnsicG9zdF9pZCI6IjEwOTMifX0=@&#8221; align=&#8221;center&#8221; _builder_version=&#8221;4.7.4&#8243; _dynamic_attributes=&#8221;url&#8221; _module_preset=&#8221;default&#8221; background_color=&#8221;#ffffff&#8221; custom_margin=&#8221;||||false|false&#8221; custom_padding=&#8221;15px||15px||true|false&#8221;][\/et_pb_image][et_pb_text _builder_version=&#8221;4.7.4&#8243; _dynamic_attributes=&#8221;link_option_url&#8221; _module_preset=&#8221;default&#8221; link_option_url=&#8221;@ET-DC@eyJkeW5hbWljIjp0cnVlLCJjb250ZW50IjoicG9zdF9saW5rX3VybF9wYWdlIiwic2V0dGluZ3MiOnsicG9zdF9pZCI6IjEwOTMifX0=@&#8221;]<\/p>\n<p style=\"text-align: center;\">Contact<\/p>\n<p>[\/et_pb_text][\/et_pb_column][\/et_pb_row][\/et_pb_section][et_pb_section fb_built=&#8221;1&#8243; _builder_version=&#8221;4.7.7&#8243; _module_preset=&#8221;default&#8221; background_color=&#8221;#224568&#8243; min_height=&#8221;400px&#8221; custom_margin=&#8221;-1px||1px||false|false&#8221; global_module=&#8221;329&#8243; saved_tabs=&#8221;all&#8221;][et_pb_row _builder_version=&#8221;4.7.4&#8243; _module_preset=&#8221;default&#8221; custom_padding=&#8221;59px|||||&#8221;][et_pb_column type=&#8221;4_4&#8243; _builder_version=&#8221;4.7.4&#8243; _module_preset=&#8221;default&#8221;][et_pb_image src=&#8221;https:\/\/wimex-group.com\/wp-content\/uploads\/2020\/12\/WMX_Logo_Weiss.png&#8221; title_text=&#8221;WMX_Logo_White&#8221; url=&#8221;@ET-DC@eyJkeW5hbWljIjp0cnVlLCJjb250ZW50IjoicG9zdF9saW5rX3VybF9wYWdlIiwic2V0dGluZ3MiOnsicG9zdF9pZCI6IjE3In19@&#8221; align=&#8221;center&#8221; _builder_version=&#8221;4.7.4&#8243; _dynamic_attributes=&#8221;url&#8221; _module_preset=&#8221;default&#8221; width=&#8221;41%&#8221; width_tablet=&#8221;&#8221; width_phone=&#8221;84%&#8221; width_last_edited=&#8221;on|phone&#8221; custom_margin=&#8221;||4px|||&#8221;][\/et_pb_image][et_pb_text _builder_version=&#8221;4.7.7&#8243; text_font_size=&#8221;1.8em&#8221; custom_margin=&#8221;||37px|||&#8221; text_font_size_tablet=&#8221;&#8221; text_font_size_phone=&#8221;18px&#8221; text_font_size_last_edited=&#8221;on|phone&#8221; inline_fonts=&#8221;Merriweather,Actor,Open Sans&#8221;]<\/p>\n<p style=\"text-align: center;\"><span style=\"color: #ffffff;\">Living Agriculture.<\/span><\/p>\n<p>[\/et_pb_text][\/et_pb_column][\/et_pb_row][et_pb_row column_structure=&#8221;1_3,1_3,1_3&#8243; _builder_version=&#8221;4.7.4&#8243; _module_preset=&#8221;default&#8221; custom_padding=&#8221;||0px|||&#8221;][et_pb_column type=&#8221;1_3&#8243; _builder_version=&#8221;4.7.4&#8243; _module_preset=&#8221;default&#8221;][et_pb_text _builder_version=&#8221;4.7.7&#8243; _module_preset=&#8221;default&#8221; text_font=&#8221;Arial||||||||&#8221; text_text_color=&#8221;#ffffff&#8221; text_font_size=&#8221;1em&#8221; custom_padding=&#8221;||0px|||&#8221;]<\/p>\n<p style=\"text-align: center;\">\u00a9 2021 WIMEX GROUP<\/p>\n<p>[\/et_pb_text][\/et_pb_column][et_pb_column type=&#8221;1_3&#8243; _builder_version=&#8221;4.7.4&#8243; _module_preset=&#8221;default&#8221;][et_pb_text module_id=&#8221;footerlinks&#8221; module_class=&#8221;footerlinks&#8221; _builder_version=&#8221;4.7.7&#8243; _module_preset=&#8221;default&#8221; text_font=&#8221;Arial|600|||||||&#8221; text_text_color=&#8221;#ffffff&#8221; text_font_size=&#8221;1em&#8221; custom_margin=&#8221;||0px|||&#8221;]<\/p>\n<p style=\"text-align: center;\"><span style=\"color: #ffffff;\"><a style=\"color: #ffffff;\" href=\"https:\/\/wimex-group.com\/impressum\/\">IMPRINT<\/a>\u00a0 |\u00a0 <a style=\"color: #ffffff;\" href=\"https:\/\/wimex-group.com\/datenschutzerklaerung\/\">PRIVACY POLICY<\/a>\u00a0 |\u00a0 <a style=\"color: #ffffff;\" href=\"https:\/\/wimex-group.com\/kontakt\/\">CONTACT<\/a><\/span><\/p>\n<p>[\/et_pb_text][\/et_pb_column][et_pb_column type=&#8221;1_3&#8243; _builder_version=&#8221;4.7.4&#8243; _module_preset=&#8221;default&#8221;][et_pb_text content_last_edited=&#8221;off|desktop&#8221; _builder_version=&#8221;4.7.4&#8243; _dynamic_attributes=&#8221;link_option_url&#8221; _module_preset=&#8221;default&#8221; background_color=&#8221;rgba(229,229,229,0)&#8221; text_orientation=&#8221;center&#8221; custom_margin=&#8221;-15px||||false|false&#8221; link_option_url=&#8221;@ET-DC@eyJkeW5hbWljIjp0cnVlLCJjb250ZW50IjoiaG9tZV91cmwiLCJzZXR0aW5ncyI6W119@&#8221;]<\/p>\n<p><a href=\"https:\/\/www.linkedin.com\/company\/wimex-agrarprodukte-import-und-export-gmbh\/\" target=\"_blank\" rel=\"noopener noreferrer\"><img loading=\"lazy\" decoding=\"async\" class=\"wp-image-197 alignnone size-full\" src=\"https:\/\/wimex-group.com\/wp-content\/uploads\/2020\/12\/WMX_LinkedIn.png\" alt=\"\" width=\"60\" height=\"60\" \/><\/a> <a href=\"https:\/\/www.xing.com\/companies\/wimexagrarprodukteimportundexportgmbh\" target=\"_blank\" rel=\"noopener noreferrer\"><img loading=\"lazy\" decoding=\"async\" class=\"wp-image-198 alignnone size-full\" src=\"https:\/\/wimex-group.com\/wp-content\/uploads\/2020\/12\/WMX_Xing.png\" alt=\"\" width=\"60\" height=\"60\" \/><\/a><\/p>\n<p>[\/et_pb_text][\/et_pb_column][\/et_pb_row][\/et_pb_section]<\/p>\n","protected":false},"excerpt":{"rendered":"<p>Wimex press releases (in German)LEARN MOREAbout UsNewsContactLiving Agriculture.\u00a9 2021 WIMEX GROUPIMPRINT\u00a0 |\u00a0 PRIVACY POLICY\u00a0 |\u00a0 CONTACT<\/p>\n","protected":false},"author":2,"featured_media":2541,"parent":0,"menu_order":0,"comment_status":"closed","ping_status":"closed","template":"","meta":{"_et_pb_use_builder":"on","_et_pb_old_content":"","_et_gb_content_width":"","footnotes":""},"class_list":["post-2548","page","type-page","status-publish","has-post-thumbnail","hentry"],"yoast_head":"<!-- This site is optimized with the Yoast SEO plugin v27.3 - https:\/\/yoast.com\/product\/yoast-seo-wordpress\/ -->\n<title>Press archive - wimex-group<\/title>\n<meta name=\"robots\" content=\"index, follow, max-snippet:-1, max-image-preview:large, max-video-preview:-1\" \/>\n<link rel=\"canonical\" href=\"https:\/\/wimex-group.com\/en\/press-archive\/\" \/>\n<meta property=\"og:locale\" content=\"en_US\" \/>\n<meta property=\"og:type\" content=\"article\" \/>\n<meta property=\"og:title\" content=\"Press archive - wimex-group\" \/>\n<meta property=\"og:description\" content=\"Wimex press releases (in German)LEARN MOREAbout UsNewsContactLiving Agriculture.\u00a9 2021 WIMEX GROUPIMPRINT\u00a0 |\u00a0 PRIVACY POLICY\u00a0 |\u00a0 CONTACT\" \/>\n<meta property=\"og:url\" content=\"https:\/\/wimex-group.com\/en\/press-archive\/\" \/>\n<meta property=\"og:site_name\" content=\"wimex-group\" \/>\n<meta property=\"article:modified_time\" content=\"2021-04-16T06:29:23+00:00\" \/>\n<meta property=\"og:image\" content=\"https:\/\/wimex-group.com\/wp-content\/uploads\/2020\/12\/WMX_LinkedIn.png\" \/>\n<meta name=\"twitter:card\" content=\"summary_large_image\" \/>\n<meta name=\"twitter:label1\" content=\"Est. reading time\" \/>\n\t<meta name=\"twitter:data1\" content=\"6 minutes\" \/>\n<script type=\"application\/ld+json\" class=\"yoast-schema-graph\">{\"@context\":\"https:\\\/\\\/schema.org\",\"@graph\":[{\"@type\":\"WebPage\",\"@id\":\"https:\\\/\\\/wimex-group.com\\\/en\\\/press-archive\\\/\",\"url\":\"https:\\\/\\\/wimex-group.com\\\/en\\\/press-archive\\\/\",\"name\":\"Press archive - wimex-group\",\"isPartOf\":{\"@id\":\"https:\\\/\\\/wimex-group.com\\\/en\\\/#website\"},\"primaryImageOfPage\":{\"@id\":\"https:\\\/\\\/wimex-group.com\\\/en\\\/press-archive\\\/#primaryimage\"},\"image\":{\"@id\":\"https:\\\/\\\/wimex-group.com\\\/en\\\/press-archive\\\/#primaryimage\"},\"thumbnailUrl\":\"https:\\\/\\\/wimex-group.com\\\/wp-content\\\/uploads\\\/2020\\\/12\\\/WMX_Kontakt_News.jpg\",\"datePublished\":\"2021-04-16T06:29:02+00:00\",\"dateModified\":\"2021-04-16T06:29:23+00:00\",\"breadcrumb\":{\"@id\":\"https:\\\/\\\/wimex-group.com\\\/en\\\/press-archive\\\/#breadcrumb\"},\"inLanguage\":\"en-US\",\"potentialAction\":[{\"@type\":\"ReadAction\",\"target\":[\"https:\\\/\\\/wimex-group.com\\\/en\\\/press-archive\\\/\"]}]},{\"@type\":\"ImageObject\",\"inLanguage\":\"en-US\",\"@id\":\"https:\\\/\\\/wimex-group.com\\\/en\\\/press-archive\\\/#primaryimage\",\"url\":\"https:\\\/\\\/wimex-group.com\\\/wp-content\\\/uploads\\\/2020\\\/12\\\/WMX_Kontakt_News.jpg\",\"contentUrl\":\"https:\\\/\\\/wimex-group.com\\\/wp-content\\\/uploads\\\/2020\\\/12\\\/WMX_Kontakt_News.jpg\",\"width\":500,\"height\":260},{\"@type\":\"BreadcrumbList\",\"@id\":\"https:\\\/\\\/wimex-group.com\\\/en\\\/press-archive\\\/#breadcrumb\",\"itemListElement\":[{\"@type\":\"ListItem\",\"position\":1,\"name\":\"Startseite\",\"item\":\"https:\\\/\\\/wimex-group.com\\\/en\\\/\"},{\"@type\":\"ListItem\",\"position\":2,\"name\":\"Press archive\"}]},{\"@type\":\"WebSite\",\"@id\":\"https:\\\/\\\/wimex-group.com\\\/en\\\/#website\",\"url\":\"https:\\\/\\\/wimex-group.com\\\/en\\\/\",\"name\":\"wimex-group\",\"description\":\"Wimex Group\",\"potentialAction\":[{\"@type\":\"SearchAction\",\"target\":{\"@type\":\"EntryPoint\",\"urlTemplate\":\"https:\\\/\\\/wimex-group.com\\\/en\\\/?s={search_term_string}\"},\"query-input\":{\"@type\":\"PropertyValueSpecification\",\"valueRequired\":true,\"valueName\":\"search_term_string\"}}],\"inLanguage\":\"en-US\"}]}<\/script>\n<!-- \/ Yoast SEO plugin. -->","yoast_head_json":{"title":"Press archive - wimex-group","robots":{"index":"index","follow":"follow","max-snippet":"max-snippet:-1","max-image-preview":"max-image-preview:large","max-video-preview":"max-video-preview:-1"},"canonical":"https:\/\/wimex-group.com\/en\/press-archive\/","og_locale":"en_US","og_type":"article","og_title":"Press archive - wimex-group","og_description":"Wimex press releases (in German)LEARN MOREAbout UsNewsContactLiving Agriculture.\u00a9 2021 WIMEX GROUPIMPRINT\u00a0 |\u00a0 PRIVACY POLICY\u00a0 |\u00a0 CONTACT","og_url":"https:\/\/wimex-group.com\/en\/press-archive\/","og_site_name":"wimex-group","article_modified_time":"2021-04-16T06:29:23+00:00","og_image":[{"url":"https:\/\/wimex-group.com\/wp-content\/uploads\/2020\/12\/WMX_LinkedIn.png","type":"","width":"","height":""}],"twitter_card":"summary_large_image","twitter_misc":{"Est. reading time":"6 minutes"},"schema":{"@context":"https:\/\/schema.org","@graph":[{"@type":"WebPage","@id":"https:\/\/wimex-group.com\/en\/press-archive\/","url":"https:\/\/wimex-group.com\/en\/press-archive\/","name":"Press archive - wimex-group","isPartOf":{"@id":"https:\/\/wimex-group.com\/en\/#website"},"primaryImageOfPage":{"@id":"https:\/\/wimex-group.com\/en\/press-archive\/#primaryimage"},"image":{"@id":"https:\/\/wimex-group.com\/en\/press-archive\/#primaryimage"},"thumbnailUrl":"https:\/\/wimex-group.com\/wp-content\/uploads\/2020\/12\/WMX_Kontakt_News.jpg","datePublished":"2021-04-16T06:29:02+00:00","dateModified":"2021-04-16T06:29:23+00:00","breadcrumb":{"@id":"https:\/\/wimex-group.com\/en\/press-archive\/#breadcrumb"},"inLanguage":"en-US","potentialAction":[{"@type":"ReadAction","target":["https:\/\/wimex-group.com\/en\/press-archive\/"]}]},{"@type":"ImageObject","inLanguage":"en-US","@id":"https:\/\/wimex-group.com\/en\/press-archive\/#primaryimage","url":"https:\/\/wimex-group.com\/wp-content\/uploads\/2020\/12\/WMX_Kontakt_News.jpg","contentUrl":"https:\/\/wimex-group.com\/wp-content\/uploads\/2020\/12\/WMX_Kontakt_News.jpg","width":500,"height":260},{"@type":"BreadcrumbList","@id":"https:\/\/wimex-group.com\/en\/press-archive\/#breadcrumb","itemListElement":[{"@type":"ListItem","position":1,"name":"Startseite","item":"https:\/\/wimex-group.com\/en\/"},{"@type":"ListItem","position":2,"name":"Press archive"}]},{"@type":"WebSite","@id":"https:\/\/wimex-group.com\/en\/#website","url":"https:\/\/wimex-group.com\/en\/","name":"wimex-group","description":"Wimex Group","potentialAction":[{"@type":"SearchAction","target":{"@type":"EntryPoint","urlTemplate":"https:\/\/wimex-group.com\/en\/?s={search_term_string}"},"query-input":{"@type":"PropertyValueSpecification","valueRequired":true,"valueName":"search_term_string"}}],"inLanguage":"en-US"}]}},"_links":{"self":[{"href":"https:\/\/wimex-group.com\/en\/wp-json\/wp\/v2\/pages\/2548","targetHints":{"allow":["GET"]}}],"collection":[{"href":"https:\/\/wimex-group.com\/en\/wp-json\/wp\/v2\/pages"}],"about":[{"href":"https:\/\/wimex-group.com\/en\/wp-json\/wp\/v2\/types\/page"}],"author":[{"embeddable":true,"href":"https:\/\/wimex-group.com\/en\/wp-json\/wp\/v2\/users\/2"}],"replies":[{"embeddable":true,"href":"https:\/\/wimex-group.com\/en\/wp-json\/wp\/v2\/comments?post=2548"}],"version-history":[{"count":7,"href":"https:\/\/wimex-group.com\/en\/wp-json\/wp\/v2\/pages\/2548\/revisions"}],"predecessor-version":[{"id":2555,"href":"https:\/\/wimex-group.com\/en\/wp-json\/wp\/v2\/pages\/2548\/revisions\/2555"}],"wp:featuredmedia":[{"embeddable":true,"href":"https:\/\/wimex-group.com\/en\/wp-json\/wp\/v2\/media\/2541"}],"wp:attachment":[{"href":"https:\/\/wimex-group.com\/en\/wp-json\/wp\/v2\/media?parent=2548"}],"curies":[{"name":"wp","href":"https:\/\/api.w.org\/{rel}","templated":true}]}}